{"id":343,"date":"2017-06-16T12:53:44","date_gmt":"2017-06-16T10:53:44","guid":{"rendered":"http:\/\/tubau.renad.sk\/?page_id=343"},"modified":"2017-07-28T09:51:25","modified_gmt":"2017-07-28T07:51:25","slug":"dcerske-spolocnosti","status":"publish","type":"page","link":"https:\/\/zedabbystrica.sk\/en\/contact\/daughter-companies\/","title":{"rendered":"Daughter companies"},"content":{"rendered":"<div class=\"wpb-content-wrapper\"><p>[vc_row][vc_column]<div class=\"dt-fancy-separator h2-size style-dotted accent-title-color accent-border-color\" style=\"width: 100%;\"><div class=\"dt-fancy-title\"><span class=\"separator-holder separator-left\"><\/span>Daughter companies<span class=\"separator-holder separator-right\"><\/span><\/div><\/div>[vc_empty_space height=&#8221;15px&#8221;][\/vc_column][\/vc_row][vc_row][vc_column width=&#8221;1\/3&#8243;][vc_column_text]<\/p>\n<h4>TUBAU CONSTRUCTION, a.s.<\/h4>\n<p>Smetanovo n\u00e1m\u011bst\u00ed 1180\/7<br \/>\n702 00 Ostrava \u2013 Moravsk\u00e1 Ostrava<br \/>\nCZECH REPUBLIC[\/vc_column_text][\/vc_column][vc_column width=&#8221;1\/3&#8243;][\/vc_column][vc_column width=&#8221;1\/3&#8243;][\/vc_column][\/vc_row][vc_row][vc_column][vc_empty_space height=&#8221;15px&#8221;]<div class=\"dt-fancy-separator h3-size style-dotted accent-title-color accent-border-color\" style=\"width: 100%;\"><div class=\"dt-fancy-title\"><span class=\"separator-holder separator-left\"><\/span>Branches<span class=\"separator-holder separator-right\"><\/span><\/div><\/div>[vc_empty_space height=&#8221;15px&#8221;][\/vc_column][\/vc_row][vc_row][vc_column width=&#8221;1\/3&#8243;][vc_column_text]<\/p>\n<h4>TUBAU, a.s., organiza\u010dn\u00ed slo\u017eka<\/h4>\n<p>Smetanovo n\u00e1m\u011bst\u00ed 1180\/7<br \/>\n702 00 Ostrava \u2013 Moravsk\u00e1 Ostrava<br \/>\nCZECH REPUBLIC[\/vc_column_text][\/vc_column][vc_column width=&#8221;1\/3&#8243;][vc_column_text]<\/p>\n<h4>TUBAU, A.S. SP\u00d3\u0141KA AKCYJNA ODDZIA\u0141 W POLSCE<\/h4>\n<p>UL. 11 LISTOPADA 2<br \/>\n44-330 JASTRZ\u0118BIE-ZDR\u00d3J<br \/>\nPOLAND[\/vc_column_text][\/vc_column][vc_column width=&#8221;1\/3&#8243;][vc_column_text]<\/p>\n<h4>TUBAU a.s. Dega ne Shqiperi<\/h4>\n<p>Rruga Deshmoret e 4 Shkurtit<br \/>\nP.O.BOX 8264 Tirane<br \/>\nALBANIA[\/vc_column_text][\/vc_column][\/vc_row]<\/p>\n<\/div>","protected":false},"excerpt":{"rendered":"<p>[vc_row][vc_column][vc_empty_space height=&#8221;15px&#8221;][\/vc_column][\/vc_row][vc_row][vc_column width=&#8221;1\/3&#8243;][vc_column_text] TUBAU CONSTRUCTION, a.s. Smetanovo n\u00e1m\u011bst\u00ed 1180\/7 702 00 Ostrava \u2013 Moravsk\u00e1 Ostrava CZECH REPUBLIC[\/vc_column_text][\/vc_column][vc_column width=&#8221;1\/3&#8243;][\/vc_column][vc_column width=&#8221;1\/3&#8243;][\/vc_column][\/vc_row][vc_row][vc_column][vc_empty_space height=&#8221;15px&#8221;][vc_empty_space&hellip;<\/p>\n","protected":false},"author":1,"featured_media":0,"parent":336,"menu_order":0,"comment_status":"closed","ping_status":"closed","template":"","meta":{"_links_to":"","_links_to_target":""},"aioseo_notices":[],"_links":{"self":[{"href":"https:\/\/zedabbystrica.sk\/en\/wp-json\/wp\/v2\/pages\/343"}],"collection":[{"href":"https:\/\/zedabbystrica.sk\/en\/wp-json\/wp\/v2\/pages"}],"about":[{"href":"https:\/\/zedabbystrica.sk\/en\/wp-json\/wp\/v2\/types\/page"}],"author":[{"embeddable":true,"href":"https:\/\/zedabbystrica.sk\/en\/wp-json\/wp\/v2\/users\/1"}],"replies":[{"embeddable":true,"href":"https:\/\/zedabbystrica.sk\/en\/wp-json\/wp\/v2\/comments?post=343"}],"version-history":[{"count":1,"href":"https:\/\/zedabbystrica.sk\/en\/wp-json\/wp\/v2\/pages\/343\/revisions"}],"predecessor-version":[{"id":1693,"href":"https:\/\/zedabbystrica.sk\/en\/wp-json\/wp\/v2\/pages\/343\/revisions\/1693"}],"up":[{"embeddable":true,"href":"https:\/\/zedabbystrica.sk\/en\/wp-json\/wp\/v2\/pages\/336"}],"wp:attachment":[{"href":"https:\/\/zedabbystrica.sk\/en\/wp-json\/wp\/v2\/media?parent=343"}],"curies":[{"name":"wp","href":"https:\/\/api.w.org\/{rel}","templated":true}]}}