{"id":320,"date":"2017-06-15T16:18:22","date_gmt":"2017-06-15T14:18:22","guid":{"rendered":"http:\/\/tubau.renad.sk\/?page_id=320"},"modified":"2023-04-20T11:01:04","modified_gmt":"2023-04-20T09:01:04","slug":"kariera-2","status":"publish","type":"page","link":"https:\/\/zedabbystrica.sk\/en\/slovencina-kariera\/","title":{"rendered":"(Sloven\u010dina) Kari\u00e9ra"},"content":{"rendered":"<div class=\"wpb-content-wrapper\"><p>[vc_row][vc_column]<div class=\"dt-fancy-separator h2-size style-dotted accent-title-color accent-border-color\" style=\"width: 100%;\"><div class=\"dt-fancy-title\"><span class=\"separator-holder separator-left\"><\/span>Kari\u00e9ra<span class=\"separator-holder separator-right\"><\/span><\/div><\/div>[vc_empty_space height=&#8221;15px&#8221;]<section class=\"shortcode-action-box table shortcode-action-bg block-style-widget\"><div class=\"text-big\"><h3>H\u013ead\u00e1me pracovn\u00edkov na nasledovn\u00e9 poz\u00edcie:<\/h3>\n<p><img decoding=\"async\" loading=\"lazy\" class=\"datum\" src=\"http:\/\/zedabbystrica.sk\/wp-content\/uploads\/calendar.png\" alt=\"\" width=\"16\" height=\"16\" \/> <span style=\"color: #0f2869;\">26.10.2017<\/span><\/p>\n<h2>VODI\u010c, \u017dERIAVNIK<\/h2>\n<h4>na auto Tatra 815 s hydraulickou rukou<\/h4>\n<p>&nbsp;<\/p>\n<hr \/>\n<p>&nbsp;<\/p>\n<p><img decoding=\"async\" loading=\"lazy\" class=\"datum\" src=\"http:\/\/zedabbystrica.sk\/wp-content\/uploads\/calendar.png\" alt=\"\" width=\"16\" height=\"16\" \/> 27.11.2017<\/p>\n<h2>STAVBYVED\u00daCI PRE DIV\u00cdZIU \u0160PECI\u00c1LNEHO ZAKLADANIA<\/h2>\n<p>&nbsp;<\/p>\n<hr \/>\n<p>&nbsp;<\/p>\n<p><img decoding=\"async\" loading=\"lazy\" class=\"datum\" src=\"http:\/\/zedabbystrica.sk\/wp-content\/uploads\/calendar.png\" alt=\"\" width=\"16\" height=\"16\" \/> 8.3.2018<\/p>\n<h2>INTERN\u00dd AUD\u00cdTOR<\/h2>\n<div class=\"details\">\n<div class=\"details-section\">\n<div class=\"subtitle-line\">\n<h3>Inform\u00e1cie o pracovnom mieste<\/h3>\n<\/div>\n<h4>N\u00e1pl\u0148 pr\u00e1ce, pr\u00e1vomoci a zodpovednosti<\/h4>\n<div class=\"details-desc\">audit a kontrola v\u0161etk\u00fdch procesov vo firme<\/div>\n<h4>Zamestnaneck\u00e9 v\u00fdhody, benefity<\/h4>\n<div class=\"details-desc\">prepl\u00e1canie cestovn\u00e9ho, vypl\u00e1canie stravn\u00fdch l\u00edstkov, mobil<\/div>\n<h4>Inform\u00e1cie o v\u00fdberovom konan\u00ed<\/h4>\n<p>preferujeme bydlisko v bl\u00edzkom okol\u00ed \u017diliny,<br \/>\nodpovieme len t\u00fdm z\u00e1ujemcom, ktor\u00ed bud\u00fa sp\u013a\u0148a\u0165 uveden\u00e9 krit\u00e9ria<\/p>\n<h4>Predpokladan\u00fd term\u00edn ukon\u010denia v\u00fdberov\u00e9ho konania<\/h4>\n<div class=\"details-desc\">15.4.2018<\/div>\n<p>&nbsp;<\/p>\n<\/div>\n<div class=\"job-requirements details-section\">\n<div class=\"subtitle-line\">\n<h3>Po\u017eiadavky na zamestnanca<\/h3>\n<\/div>\n<h4>Poz\u00edcii vyhovuj\u00fa uch\u00e1dza\u010di so vzdelan\u00edm<\/h4>\n<div class=\"details-desc\">vysoko\u0161kolsk\u00e9 II. stup\u0148a<\/div>\n<h4>Vzdelanie v odbore<\/h4>\n<div class=\"details-desc\">ekonomika, stavebn\u00edctvo<\/div>\n<h4>Jazykov\u00e9 znalosti<\/h4>\n<div class=\"details-desc\">Anglick\u00fd jazyk &#8211; Mierne pokro\u010dil\u00fd (B1)<\/div>\n<h4>Vodi\u010dsk\u00fd preukaz<\/h4>\n<div class=\"details-desc\">B<\/div>\n<h4>Po\u010det rokov praxe<\/h4>\n<div class=\"details-desc\">5<\/div>\n<h4>Osobnostn\u00e9 predpoklady a zru\u010dnosti<\/h4>\n<div class=\"details-desc\">samostatnos\u0165, prec\u00edznos\u0165, zodpovednos\u0165, motiv\u00e1cia \u013eud\u00ed, empatia,<br \/>\nakt\u00edvne sk\u00fasenosti s auditom vo firme,<br \/>\nv\u00fdhodou je ekonomicko -stavebn\u00e9 zameranie, resp. sk\u00fasenosti v oblasti stavebn\u00edctva a jeho ekonomick\u00fdch oblast\u00ed, zhodnotenie \u010dinnost\u00ed a procesov a ich p\u00edsomn\u00e9 vyhodnocovanie<\/div>\n<\/div>\n<\/div>\n<p>&nbsp;<\/p>\n<hr \/>\n<p>&nbsp;<\/p>\n<p>\u017diadosti, pros\u00edm, posielajte na p. Dura\u010dinsk\u00fa &#8211; <a href=\"mailto:duracinska@zedabbystrica.sk?subject=Inzerat\">duracinska@zedabbystrica.sk<\/a><\/p>\n<\/div><\/section>[vc_empty_space height=&#8221;15px&#8221;][vc_column_text]<strong>Spolo\u010dnos\u0165 TUBAU a.s. oznamuje v\u0161etk\u00fdm \u017eiadate\u013eom o zamestnanie, \u017ee sprac\u00favame osobn\u00e9 \u00fadaje len na uveden\u00fd vymedzen\u00fd \u00fa\u010del pod\u013ea Z\u00e1kona \u010d. 122\/2013 Z. z. &#8211; O ochrane osobn\u00fdch \u00fadajov a o zmene a doplnen\u00ed niektor\u00fdch z\u00e1konov.<\/strong>[\/vc_column_text][vc_empty_space height=&#8221;15px&#8221;][\/vc_column][\/vc_row][vc_row][vc_column width=&#8221;1\/3&#8243;][vc_column_text]<span style=\"color: #0f2869;\">S\u00fa\u010dasne so \u017eiados\u0165ou o prijatie do zamestnania mus\u00ed by\u0165 vyplnen\u00fd aj S\u00fahlas so sprac\u00favan\u00edm osobn\u00fdch \u00fadajov.<\/span>[\/vc_column_text][\/vc_column][vc_column width=&#8221;1\/3&#8243;][vc_column_text]\n<div class=\"gde-error\">GDE Error: Error retrieving file - if necessary turn off error checking (404:Not Found)<\/div>\n[\/vc_column_text][\/vc_column][vc_column width=&#8221;1\/3&#8243;][vc_column_text]\n<div class=\"gde-error\">GDE Error: Error retrieving file - if necessary turn off error checking (404:Not Found)<\/div>\n[\/vc_column_text][\/vc_column][\/vc_row]<\/p>\n<\/div>","protected":false},"excerpt":{"rendered":"<p>[vc_row][vc_column][vc_empty_space height=&#8221;15px&#8221;][vc_empty_space height=&#8221;15px&#8221;][vc_column_text]Spolo\u010dnos\u0165 TUBAU a.s. oznamuje v\u0161etk\u00fdm \u017eiadate\u013eom o zamestnanie, \u017ee sprac\u00favame osobn\u00e9 \u00fadaje len na uveden\u00fd vymedzen\u00fd \u00fa\u010del pod\u013ea&hellip;<\/p>\n","protected":false},"author":1,"featured_media":0,"parent":0,"menu_order":0,"comment_status":"closed","ping_status":"closed","template":"","meta":{"_links_to":"","_links_to_target":""},"aioseo_notices":[],"_links":{"self":[{"href":"https:\/\/zedabbystrica.sk\/en\/wp-json\/wp\/v2\/pages\/320"}],"collection":[{"href":"https:\/\/zedabbystrica.sk\/en\/wp-json\/wp\/v2\/pages"}],"about":[{"href":"https:\/\/zedabbystrica.sk\/en\/wp-json\/wp\/v2\/types\/page"}],"author":[{"embeddable":true,"href":"https:\/\/zedabbystrica.sk\/en\/wp-json\/wp\/v2\/users\/1"}],"replies":[{"embeddable":true,"href":"https:\/\/zedabbystrica.sk\/en\/wp-json\/wp\/v2\/comments?post=320"}],"version-history":[{"count":23,"href":"https:\/\/zedabbystrica.sk\/en\/wp-json\/wp\/v2\/pages\/320\/revisions"}],"predecessor-version":[{"id":2444,"href":"https:\/\/zedabbystrica.sk\/en\/wp-json\/wp\/v2\/pages\/320\/revisions\/2444"}],"wp:attachment":[{"href":"https:\/\/zedabbystrica.sk\/en\/wp-json\/wp\/v2\/media?parent=320"}],"curies":[{"name":"wp","href":"https:\/\/api.w.org\/{rel}","templated":true}]}}